{"id":3071,"date":"2022-03-14T16:10:58","date_gmt":"2022-03-14T15:10:58","guid":{"rendered":"https:\/\/www.adlerschwarzwald.de\/conditions-generales-de-vente\/"},"modified":"2023-04-19T09:19:58","modified_gmt":"2023-04-19T07:19:58","slug":"conditions-generales-de-vente","status":"publish","type":"page","link":"https:\/\/www.adlerschwarzwald.de\/fr\/conditions-generales-de-vente\/","title":{"rendered":"Conditions g\u00e9n\u00e9rales de vente"},"content":{"rendered":"[vc_row type=\u00a0\u00bbin_container\u00a0\u00bb full_screen_row_position=\u00a0\u00bbmiddle\u00a0\u00bb column_margin=\u00a0\u00bbdefault\u00a0\u00bb column_direction=\u00a0\u00bbdefault\u00a0\u00bb column_direction_tablet=\u00a0\u00bbdefault\u00a0\u00bb column_direction_phone=\u00a0\u00bbdefault\u00a0\u00bb scene_position=\u00a0\u00bbcenter\u00a0\u00bb text_color=\u00a0\u00bbdark\u00a0\u00bb text_align=\u00a0\u00bbleft\u00a0\u00bb row_border_radius=\u00a0\u00bbnone\u00a0\u00bb row_border_radius_applies=\u00a0\u00bbbg\u00a0\u00bb overflow=\u00a0\u00bbvisible\u00a0\u00bb overlay_strength=\u00a0\u00bb0.3&Prime; gradient_direction=\u00a0\u00bbleft_to_right\u00a0\u00bb shape_divider_position=\u00a0\u00bbbottom\u00a0\u00bb bg_image_animation=\u00a0\u00bbnone\u00a0\u00bb][vc_column column_padding=\u00a0\u00bbno-extra-padding\u00a0\u00bb column_padding_tablet=\u00a0\u00bbinherit\u00a0\u00bb column_padding_phone=\u00a0\u00bbinherit\u00a0\u00bb column_padding_position=\u00a0\u00bball\u00a0\u00bb column_element_spacing=\u00a0\u00bbdefault\u00a0\u00bb background_color_opacity=\u00a0\u00bb1&Prime; background_hover_color_opacity=\u00a0\u00bb1&Prime; column_shadow=\u00a0\u00bbnone\u00a0\u00bb column_border_radius=\u00a0\u00bbnone\u00a0\u00bb column_link_target=\u00a0\u00bb_self\u00a0\u00bb column_position=\u00a0\u00bbdefault\u00a0\u00bb gradient_direction=\u00a0\u00bbleft_to_right\u00a0\u00bb overlay_strength=\u00a0\u00bb0.3&Prime; width=\u00a0\u00bb1\/1&Prime; tablet_width_inherit=\u00a0\u00bbdefault\u00a0\u00bb tablet_text_alignment=\u00a0\u00bbdefault\u00a0\u00bb phone_text_alignment=\u00a0\u00bbdefault\u00a0\u00bb animation_type=\u00a0\u00bbdefault\u00a0\u00bb bg_image_animation=\u00a0\u00bbnone\u00a0\u00bb border_type=\u00a0\u00bbsimple\u00a0\u00bb column_border_width=\u00a0\u00bbnone\u00a0\u00bb column_border_style=\u00a0\u00bbsolid\u00a0\u00bb][divider line_type=\u00a0\u00bbNo Line\u00a0\u00bb][\/vc_column][\/vc_row][vc_row type=\u00a0\u00bbin_container\u00a0\u00bb full_screen_row_position=\u00a0\u00bbmiddle\u00a0\u00bb column_margin=\u00a0\u00bbdefault\u00a0\u00bb column_direction=\u00a0\u00bbdefault\u00a0\u00bb column_direction_tablet=\u00a0\u00bbdefault\u00a0\u00bb column_direction_phone=\u00a0\u00bbdefault\u00a0\u00bb scene_position=\u00a0\u00bbcenter\u00a0\u00bb text_color=\u00a0\u00bbdark\u00a0\u00bb text_align=\u00a0\u00bbleft\u00a0\u00bb row_border_radius=\u00a0\u00bbnone\u00a0\u00bb row_border_radius_applies=\u00a0\u00bbbg\u00a0\u00bb overflow=\u00a0\u00bbvisible\u00a0\u00bb overlay_strength=\u00a0\u00bb0.3&Prime; gradient_direction=\u00a0\u00bbleft_to_right\u00a0\u00bb shape_divider_position=\u00a0\u00bbbottom\u00a0\u00bb bg_image_animation=\u00a0\u00bbnone\u00a0\u00bb][vc_column column_padding=\u00a0\u00bbno-extra-padding\u00a0\u00bb column_padding_tablet=\u00a0\u00bbinherit\u00a0\u00bb column_padding_phone=\u00a0\u00bbinherit\u00a0\u00bb column_padding_position=\u00a0\u00bball\u00a0\u00bb column_element_spacing=\u00a0\u00bbdefault\u00a0\u00bb background_color_opacity=\u00a0\u00bb1&Prime; background_hover_color_opacity=\u00a0\u00bb1&Prime; column_shadow=\u00a0\u00bbnone\u00a0\u00bb column_border_radius=\u00a0\u00bbnone\u00a0\u00bb column_link_target=\u00a0\u00bb_self\u00a0\u00bb column_position=\u00a0\u00bbdefault\u00a0\u00bb gradient_direction=\u00a0\u00bbleft_to_right\u00a0\u00bb overlay_strength=\u00a0\u00bb0.3&Prime; width=\u00a0\u00bb1\/3&Prime; tablet_width_inherit=\u00a0\u00bbdefault\u00a0\u00bb tablet_text_alignment=\u00a0\u00bbdefault\u00a0\u00bb phone_text_alignment=\u00a0\u00bbdefault\u00a0\u00bb animation_type=\u00a0\u00bbdefault\u00a0\u00bb bg_image_animation=\u00a0\u00bbnone\u00a0\u00bb border_type=\u00a0\u00bbsimple\u00a0\u00bb column_border_width=\u00a0\u00bbnone\u00a0\u00bb column_border_style=\u00a0\u00bbsolid\u00a0\u00bb][vc_column_text]<strong>Conditions g\u00e9n\u00e9rales de vente de la soci\u00e9t\u00e9 Adler Schwarzwald GmbH &amp; Co. KG<\/strong><\/p>\n<p>Toutes les commandes qui nous sont confi\u00e9es et que nous ex\u00e9cutons sont exclusivement soumises \u00e0 nos conditions g\u00e9n\u00e9rales de vente. Nous ne reconnaissons pas les conditions du client qui sont diff\u00e9rentes ou contraires \u00e0 nos conditions g\u00e9n\u00e9rales de vente.<\/p>\n<p>Nos prix sont sans engagement, TVA en sus selon le taux en vigueur le jour de la facturation pour un volume de commande minimum par livraison tel que cela est indiqu\u00e9. Nous d\u00e9clinons toute responsabilit\u00e9 pour des erreurs li\u00e9es \u00e0 l\u2019affichage du prix par nous-m\u00eames.<\/p>\n<p>Nos livraisons sont effectu\u00e9es franco de port au risque de l\u2019acheteur. Des livraisons partielles sont possibles dans la mesure o\u00f9 elles sont acceptables pour le client. D\u2019\u00e9ventuels vices apparus lors du transport doivent \u00eatre suffisamment document\u00e9s par \u00e9crit et \u00eatre confirm\u00e9s avec la signature du transporteur correspondant. Les dates ou d\u00e9lais de livraison qui n\u2019ont pas \u00e9t\u00e9 explicitement convenus de mani\u00e8re ferme sont consid\u00e9r\u00e9s comme des informations \u00e0 titre indicatif uniquement.<br \/>\nNos factures sont payables net (sans escompte) et imm\u00e9diatement \u00e0 compter de la r\u00e9ception de la facture par l\u2019acheteur. En cas de retard de paiement, les r\u00e9glementations l\u00e9gales s\u2019appliquent. Nous pouvons \u00e0 tout moment compenser nos cr\u00e9ances r\u00e9sultant de livraisons et de prestations avec les cr\u00e9ances de l\u2019acheteur envers nous-m\u00eames r\u00e9sultant de ses livraisons et de ses prestations. Le client n\u2019a droit \u00e0 compensation que si ses contre-pr\u00e9tentions sont constat\u00e9es par d\u00e9cision ayant force de chose jug\u00e9e, incontest\u00e9es ou accept\u00e9es par nous-m\u00eames.<\/p>\n<p>Les nouveaux clients seront uniquement livr\u00e9s apr\u00e8s v\u00e9rification de leur solvabilit\u00e9 ou contre remboursement.[\/vc_column_text][divider line_type=\u00a0\u00bbNo Line\u00a0\u00bb][vc_column_text]<strong>Informations sur la protection des donn\u00e9es conform\u00e9ment au RGPD de l&rsquo;UE<\/strong><br \/>\nNotre entreprise v\u00e9rifie r\u00e9guli\u00e8rement votre solvabilit\u00e9 lors de la conclusion de contrats et, dans certains cas o\u00f9 il existe un int\u00e9r\u00eat l\u00e9gitime, \u00e9galement pour les clients existants. Pour ce faire, nous travaillons avec Creditreform Boniversum GmbH, Hammfelddamm 13, 41460 Neuss, qui nous fournit les donn\u00e9es n\u00e9cessaires \u00e0 cet effet. \u00c0 cette fin, nous transmettons votre nom et vos coordonn\u00e9es \u00e0 Creditreform Boniversum GmbH. Vous trouverez ici les informations selon l&rsquo;art. 14 du r\u00e8glement de base de l&rsquo;UE sur la protection des donn\u00e9es concernant le traitement des donn\u00e9es effectu\u00e9 par Creditreform Boniversum GmbH : <a href=\"https:\/\/www.boniversum.de\/eu-dsgvo\/informationen-nach-eu-dsgvo-fuer-verbraucher\/\" target=\"_blank\" rel=\"noopener\">https:\/\/www.boniversum.de\/eu-dsgvo\/informationen-nach-eu-dsgvo-fuer-verbraucher\/<\/a>[\/vc_column_text][\/vc_column][vc_column column_padding=\u00a0\u00bbno-extra-padding\u00a0\u00bb column_padding_tablet=\u00a0\u00bbinherit\u00a0\u00bb column_padding_phone=\u00a0\u00bbinherit\u00a0\u00bb column_padding_position=\u00a0\u00bball\u00a0\u00bb column_element_spacing=\u00a0\u00bbdefault\u00a0\u00bb background_color_opacity=\u00a0\u00bb1&Prime; background_hover_color_opacity=\u00a0\u00bb1&Prime; column_shadow=\u00a0\u00bbnone\u00a0\u00bb column_border_radius=\u00a0\u00bbnone\u00a0\u00bb column_link_target=\u00a0\u00bb_self\u00a0\u00bb column_position=\u00a0\u00bbdefault\u00a0\u00bb gradient_direction=\u00a0\u00bbleft_to_right\u00a0\u00bb overlay_strength=\u00a0\u00bb0.3&Prime; width=\u00a0\u00bb1\/3&Prime; tablet_width_inherit=\u00a0\u00bbdefault\u00a0\u00bb tablet_text_alignment=\u00a0\u00bbdefault\u00a0\u00bb phone_text_alignment=\u00a0\u00bbdefault\u00a0\u00bb animation_type=\u00a0\u00bbdefault\u00a0\u00bb bg_image_animation=\u00a0\u00bbnone\u00a0\u00bb border_type=\u00a0\u00bbsimple\u00a0\u00bb column_border_width=\u00a0\u00bbnone\u00a0\u00bb column_border_style=\u00a0\u00bbsolid\u00a0\u00bb][vc_column_text]Toute r\u00e9clamation pour vices (r\u00e9clamations concernant la quantit\u00e9 et la qualit\u00e9) doit \u00eatre communiqu\u00e9e sans d\u00e9lai et par \u00e9crit par le client. Le client est tenu de mettre en s\u00fbret\u00e9 les preuves du vice et de nous permettre de les contr\u00f4ler.<br \/>\nNous ne sommes pas tenus d\u2019accorder une garantie pour les d\u00e9fauts si l\u2019acheteur n\u2019a pas imm\u00e9diatement signal\u00e9 l\u2019existence d\u2019un vice apparent par \u00e9crit. En cas d\u2019existence d\u2019un vice qui nous est imputable, nous sommes en droit, selon notre choix, de proc\u00e9der \u00e0 une ex\u00e9cution ult\u00e9rieure sous la forme de l\u2019\u00e9limination des d\u00e9fauts ou \u00e0 la livraison d\u2019une nouvelle chose sans d\u00e9faut. L\u2019acheteur doit nous accorder, pour chaque d\u00e9faut individuel, un d\u00e9lai appropri\u00e9 pour l\u2019ex\u00e9cution ult\u00e9rieure. L\u2019acheteur est en droit d\u2019exiger une r\u00e9duction du prix de vente ou de r\u00e9silier le contrat uniquement en cas d\u2019\u00e9chec de notre ex\u00e9cution ult\u00e9rieure.<br \/>\nNotre responsabilit\u00e9 est engag\u00e9e dans le cadre des dispositions l\u00e9gales si le client fait valoir des demandes de dommages-int\u00e9r\u00eats reposant sur des actes pr\u00e9m\u00e9dit\u00e9s ou de n\u00e9gligence grave, y compris des actes pr\u00e9m\u00e9dit\u00e9s ou de n\u00e9gligence grave commis par nos repr\u00e9sentants ou nos auxiliaires d\u2019ex\u00e9cution. Dans la mesure o\u00f9 aucune violation intentionnelle du contrat ne nous est imput\u00e9e, notre responsabilit\u00e9 en termes de dommages-int\u00e9r\u00eats sera limit\u00e9e au dommage pr\u00e9visible typique. Notre responsabilit\u00e9 est engag\u00e9e dans le cadre des dispositions l\u00e9gales si nous portons atteinte de mani\u00e8re fautive \u00e0 une obligation contractuelle essentielle\u00a0; dans ce cas, notre responsabilit\u00e9 en termes de dommages-int\u00e9r\u00eats sera toutefois limit\u00e9e au dommage pr\u00e9visible typique. La responsabilit\u00e9 en cas de fautes entra\u00eenant la mort, des dommages corporels ou portant atteinte \u00e0 la sant\u00e9 n\u2019en est pas affect\u00e9e. Il en est de m\u00eame pour la responsabilit\u00e9 imp\u00e9rative selon la loi relative \u00e0 la responsabilit\u00e9 du fait des produits.<br \/>\nSauf disposition contraire mentionn\u00e9e pr\u00e9c\u00e9demment, toute autre responsabilit\u00e9 est par ailleurs exclue, quelle que soit la nature juridique de la revendication.[\/vc_column_text][\/vc_column][vc_column column_padding=\u00a0\u00bbno-extra-padding\u00a0\u00bb column_padding_tablet=\u00a0\u00bbinherit\u00a0\u00bb column_padding_phone=\u00a0\u00bbinherit\u00a0\u00bb column_padding_position=\u00a0\u00bball\u00a0\u00bb column_element_spacing=\u00a0\u00bbdefault\u00a0\u00bb background_color_opacity=\u00a0\u00bb1&Prime; background_hover_color_opacity=\u00a0\u00bb1&Prime; column_shadow=\u00a0\u00bbnone\u00a0\u00bb column_border_radius=\u00a0\u00bbnone\u00a0\u00bb column_link_target=\u00a0\u00bb_self\u00a0\u00bb column_position=\u00a0\u00bbdefault\u00a0\u00bb gradient_direction=\u00a0\u00bbleft_to_right\u00a0\u00bb overlay_strength=\u00a0\u00bb0.3&Prime; width=\u00a0\u00bb1\/3&Prime; tablet_width_inherit=\u00a0\u00bbdefault\u00a0\u00bb tablet_text_alignment=\u00a0\u00bbdefault\u00a0\u00bb phone_text_alignment=\u00a0\u00bbdefault\u00a0\u00bb animation_type=\u00a0\u00bbdefault\u00a0\u00bb bg_image_animation=\u00a0\u00bbnone\u00a0\u00bb border_type=\u00a0\u00bbsimple\u00a0\u00bb column_border_width=\u00a0\u00bbnone\u00a0\u00bb column_border_style=\u00a0\u00bbsolid\u00a0\u00bb][vc_column_text]Notre marchandise reste notre propri\u00e9t\u00e9 jusqu\u2019\u00e0 la r\u00e9ception de tous les paiements r\u00e9sultant de la relation commerciale avec l\u2019acheteur. Le client est autoris\u00e9 \u00e0 revendre notre marchandise uniquement selon la marche habituelle des affaires. L\u2019acheteur nous c\u00e8de d\u00e8s maintenant toutes les cr\u00e9ances et tous les droits \u2013 correspondant au montant de notre cr\u00e9ance \u2013 qui r\u00e9sultent de la revente envers ses clients ou des tiers. Le client reste en droit de recouvrer ces cr\u00e9ances jusqu\u2019\u00e0 notre r\u00e9vocation qui est autoris\u00e9e \u00e0 tout moment. Les montants per\u00e7us par l\u2019acheteur sont consid\u00e9r\u00e9s comme nos revenus. Si le client ne r\u00e9pond pas \u00e0 son obligation de paiement malgr\u00e9 une mise en demeure, nous sommes en droit d\u2019exiger, sans fixer de d\u00e9lai au pr\u00e9alable, la restitution de la marchandise sous r\u00e9serve qui est encore notre propri\u00e9t\u00e9. La reprise de la marchandise par nous-m\u00eames n\u2019implique pas de r\u00e9siliation du contrat. Apr\u00e8s la r\u00e9ception de la marchandise sous r\u00e9serve, nous sommes autoris\u00e9s \u00e0 l\u2019utiliser.<br \/>\nSi le client transforme ou m\u00e9lange notre marchandise, nous acqu\u00e9rons la copropri\u00e9t\u00e9 de la nouvelle chose au prorata de la valeur de notre marchandise (montant final de la facture, TVA incluse) par rapport aux autres marchandises transform\u00e9es ou m\u00e9lang\u00e9es au moment de la transformation ou du m\u00e9lange. La marchandise r\u00e9sultant de la transformation ou du m\u00e9lange est soumise aux m\u00eames dispositions que notre marchandise livr\u00e9e sous r\u00e9serve.<br \/>\nNotre marchandise doit \u00eatre trait\u00e9e par le client de mani\u00e8re appropri\u00e9e. Le client doit pour cela respecter les instructions correspondantes. Si nous acceptons des retours non sollicit\u00e9s ou pour lesquels nous n\u2019avons pas donn\u00e9 notre autorisation au pr\u00e9alable, nos droits n\u2019en seront pas affect\u00e9s. Nous \u00e9tablissons uniquement des avoirs, etc. \u00e0 titre de geste commercial.<br \/>\nSi l\u2019acheteur est commer\u00e7ant, notre si\u00e8ge social sera le lieu de juridiction. Nous sommes toutefois en droit de poursuivre le client en justice sur son lieu de juridiction g\u00e9n\u00e9ral. Le droit de la R\u00e9publique f\u00e9d\u00e9rale d\u2019Allemagne s\u2019applique. Toute application de la Convention des Nations unies sur les contrats de vente internationale de marchandises (CVIM) est exclue. Le lieu d\u2019ex\u00e9cution est notre si\u00e8ge social.[\/vc_column_text][divider line_type=\u00a0\u00bbNo Line\u00a0\u00bb]<div class=\"nectar-fancy-ul\" data-list-icon=\"fa fa-arrow-circle-o-down\" data-animation=\"true\" data-animation-delay=\"0\" data-color=\"accent-color\" data-spacing=\"default\" data-alignment=\"left\"> \n<ul>\n<li><a href=\"https:\/\/www.adlerschwarzwald.de\/wp-content\/uploads\/2023\/02\/2022-06-01-Allgemeine-Einkaufsbedingungen_Adler-Schwarzwald-GmbH-Co.-KG.pdf\">T\u00e9l\u00e9charger les conditions g\u00e9n\u00e9rales d&rsquo;achat<\/a><\/li>\n<li><a href=\"https:\/\/www.adlerschwarzwald.de\/wp-content\/uploads\/2017\/08\/Lastenheft_tabellarisch.pdf\" target=\"_blank\" rel=\"noopener\">T\u00e9l\u00e9charger le cahier des charges \u00ab\u00a0Machines et installations\u00a0\u00bb.<\/a><\/li>\n<li><a href=\"https:\/\/www.adlerschwarzwald.de\/wp-content\/uploads\/2016\/04\/Energiepolitik-Adler_Stand-21.03.16_Freigabe.pdf\">T\u00e9l\u00e9charger la politique \u00e9nerg\u00e9tique<\/a><\/li>\n<li><a href=\"https:\/\/www.adlerschwarzwald.de\/wp-content\/uploads\/2019\/10\/Allgemeine-Gesch\u00e4ftsbedingungen-f\u00fcr-den-Hotelaufnahmevertrag-f\u00fcr-den-Gasthof-Lindenbuck-der-Hans-Adler-OHG.pdf\">Conditions g\u00e9n\u00e9rales de vente pour le contrat d&rsquo;h\u00e9bergement \u00e0 l&rsquo;h\u00f4tel Gasthof Lindenbuck<\/a><\/li>\n<\/ul>\n <\/div>[\/vc_column][\/vc_row]\n","protected":false},"excerpt":{"rendered":"<p>[vc_row type=\u00a0\u00bbin_container\u00a0\u00bb full_screen_row_position=\u00a0\u00bbmiddle\u00a0\u00bb column_margin=\u00a0\u00bbdefault\u00a0\u00bb column_direction=\u00a0\u00bbdefault\u00a0\u00bb column_direction_tablet=\u00a0\u00bbdefault\u00a0\u00bb column_direction_phone=\u00a0\u00bbdefault\u00a0\u00bb scene_position=\u00a0\u00bbcenter\u00a0\u00bb text_color=\u00a0\u00bbdark\u00a0\u00bb text_align=\u00a0\u00bbleft\u00a0\u00bb row_border_radius=\u00a0\u00bbnone\u00a0\u00bb row_border_radius_applies=\u00a0\u00bbbg\u00a0\u00bb overflow=\u00a0\u00bbvisible\u00a0\u00bb overlay_strength=\u00a0\u00bb0.3&Prime; gradient_direction=\u00a0\u00bbleft_to_right\u00a0\u00bb shape_divider_position=\u00a0\u00bbbottom\u00a0\u00bb bg_image_animation=\u00a0\u00bbnone\u00a0\u00bb][vc_column column_padding=\u00a0\u00bbno-extra-padding\u00a0\u00bb column_padding_tablet=\u00a0\u00bbinherit\u00a0\u00bb column_padding_phone=\u00a0\u00bbinherit\u00a0\u00bb column_padding_position=\u00a0\u00bball\u00a0\u00bb column_element_spacing=\u00a0\u00bbdefault\u00a0\u00bb background_color_opacity=\u00a0\u00bb1&Prime; background_hover_color_opacity=\u00a0\u00bb1&Prime; column_shadow=\u00a0\u00bbnone\u00a0\u00bb column_border_radius=\u00a0\u00bbnone\u00a0\u00bb column_link_target=\u00a0\u00bb_self\u00a0\u00bb column_position=\u00a0\u00bbdefault\u00a0\u00bb gradient_direction=\u00a0\u00bbleft_to_right\u00a0\u00bb overlay_strength=\u00a0\u00bb0.3&Prime;&#8230;<\/p>\n","protected":false},"author":1,"featured_media":0,"parent":0,"menu_order":0,"comment_status":"closed","ping_status":"closed","template":"","meta":{"footnotes":""},"class_list":["post-3071","page","type-page","status-publish"],"yoast_head":"<!-- This site is optimized with the Yoast SEO plugin v27.4 - https:\/\/yoast.com\/product\/yoast-seo-wordpress\/ -->\n<title>Conditions g\u00e9n\u00e9rales de vente - Adler Schwarzwald<\/title>\n<meta name=\"robots\" content=\"index, follow, max-snippet:-1, max-image-preview:large, max-video-preview:-1\" \/>\n<link rel=\"canonical\" href=\"https:\/\/www.adlerschwarzwald.de\/fr\/conditions-generales-de-vente\/\" \/>\n<meta property=\"og:locale\" content=\"fr_FR\" \/>\n<meta property=\"og:type\" content=\"article\" \/>\n<meta property=\"og:title\" content=\"Conditions g\u00e9n\u00e9rales de vente - Adler Schwarzwald\" \/>\n<meta property=\"og:description\" content=\"[vc_row type=\u00a0\u00bbin_container\u00a0\u00bb full_screen_row_position=\u00a0\u00bbmiddle\u00a0\u00bb column_margin=\u00a0\u00bbdefault\u00a0\u00bb column_direction=\u00a0\u00bbdefault\u00a0\u00bb column_direction_tablet=\u00a0\u00bbdefault\u00a0\u00bb column_direction_phone=\u00a0\u00bbdefault\u00a0\u00bb scene_position=\u00a0\u00bbcenter\u00a0\u00bb text_color=\u00a0\u00bbdark\u00a0\u00bb text_align=\u00a0\u00bbleft\u00a0\u00bb row_border_radius=\u00a0\u00bbnone\u00a0\u00bb row_border_radius_applies=\u00a0\u00bbbg\u00a0\u00bb overflow=\u00a0\u00bbvisible\u00a0\u00bb overlay_strength=\u00a0\u00bb0.3&Prime; gradient_direction=\u00a0\u00bbleft_to_right\u00a0\u00bb shape_divider_position=\u00a0\u00bbbottom\u00a0\u00bb bg_image_animation=\u00a0\u00bbnone\u00a0\u00bb][vc_column column_padding=\u00a0\u00bbno-extra-padding\u00a0\u00bb column_padding_tablet=\u00a0\u00bbinherit\u00a0\u00bb column_padding_phone=\u00a0\u00bbinherit\u00a0\u00bb column_padding_position=\u00a0\u00bball\u00a0\u00bb column_element_spacing=\u00a0\u00bbdefault\u00a0\u00bb background_color_opacity=\u00a0\u00bb1&Prime; background_hover_color_opacity=\u00a0\u00bb1&Prime; column_shadow=\u00a0\u00bbnone\u00a0\u00bb column_border_radius=\u00a0\u00bbnone\u00a0\u00bb column_link_target=\u00a0\u00bb_self\u00a0\u00bb column_position=\u00a0\u00bbdefault\u00a0\u00bb gradient_direction=\u00a0\u00bbleft_to_right\u00a0\u00bb overlay_strength=\u00a0\u00bb0.3&Prime;...\" \/>\n<meta property=\"og:url\" content=\"https:\/\/www.adlerschwarzwald.de\/fr\/conditions-generales-de-vente\/\" \/>\n<meta property=\"og:site_name\" content=\"Adler Schwarzwald\" \/>\n<meta property=\"article:modified_time\" content=\"2023-04-19T07:19:58+00:00\" \/>\n<meta name=\"twitter:card\" content=\"summary_large_image\" \/>\n<meta name=\"twitter:label1\" content=\"Dur\u00e9e de lecture estim\u00e9e\" \/>\n\t<meta name=\"twitter:data1\" content=\"9 minutes\" \/>\n<script type=\"application\/ld+json\" class=\"yoast-schema-graph\">{\"@context\":\"https:\\\/\\\/schema.org\",\"@graph\":[{\"@type\":\"WebPage\",\"@id\":\"https:\\\/\\\/www.adlerschwarzwald.de\\\/fr\\\/conditions-generales-de-vente\\\/\",\"url\":\"https:\\\/\\\/www.adlerschwarzwald.de\\\/fr\\\/conditions-generales-de-vente\\\/\",\"name\":\"Conditions g\u00e9n\u00e9rales de vente - Adler Schwarzwald\",\"isPartOf\":{\"@id\":\"https:\\\/\\\/www.adlerschwarzwald.de\\\/fr\\\/#website\"},\"datePublished\":\"2022-03-14T15:10:58+00:00\",\"dateModified\":\"2023-04-19T07:19:58+00:00\",\"breadcrumb\":{\"@id\":\"https:\\\/\\\/www.adlerschwarzwald.de\\\/fr\\\/conditions-generales-de-vente\\\/#breadcrumb\"},\"inLanguage\":\"fr-FR\",\"potentialAction\":[{\"@type\":\"ReadAction\",\"target\":[\"https:\\\/\\\/www.adlerschwarzwald.de\\\/fr\\\/conditions-generales-de-vente\\\/\"]}]},{\"@type\":\"BreadcrumbList\",\"@id\":\"https:\\\/\\\/www.adlerschwarzwald.de\\\/fr\\\/conditions-generales-de-vente\\\/#breadcrumb\",\"itemListElement\":[{\"@type\":\"ListItem\",\"position\":1,\"name\":\"Startseite\",\"item\":\"https:\\\/\\\/www.adlerschwarzwald.de\\\/fr\\\/\"},{\"@type\":\"ListItem\",\"position\":2,\"name\":\"Conditions g\u00e9n\u00e9rales de vente\"}]},{\"@type\":\"WebSite\",\"@id\":\"https:\\\/\\\/www.adlerschwarzwald.de\\\/fr\\\/#website\",\"url\":\"https:\\\/\\\/www.adlerschwarzwald.de\\\/fr\\\/\",\"name\":\"Adler Schwarzwald\",\"description\":\"Original Wurst- und Schinkenspezialit\u00e4ten\",\"potentialAction\":[{\"@type\":\"SearchAction\",\"target\":{\"@type\":\"EntryPoint\",\"urlTemplate\":\"https:\\\/\\\/www.adlerschwarzwald.de\\\/fr\\\/?s={search_term_string}\"},\"query-input\":{\"@type\":\"PropertyValueSpecification\",\"valueRequired\":true,\"valueName\":\"search_term_string\"}}],\"inLanguage\":\"fr-FR\"}]}<\/script>\n<!-- \/ Yoast SEO plugin. -->","yoast_head_json":{"title":"Conditions g\u00e9n\u00e9rales de vente - Adler Schwarzwald","robots":{"index":"index","follow":"follow","max-snippet":"max-snippet:-1","max-image-preview":"max-image-preview:large","max-video-preview":"max-video-preview:-1"},"canonical":"https:\/\/www.adlerschwarzwald.de\/fr\/conditions-generales-de-vente\/","og_locale":"fr_FR","og_type":"article","og_title":"Conditions g\u00e9n\u00e9rales de vente - Adler Schwarzwald","og_description":"[vc_row type=\u00a0\u00bbin_container\u00a0\u00bb full_screen_row_position=\u00a0\u00bbmiddle\u00a0\u00bb column_margin=\u00a0\u00bbdefault\u00a0\u00bb column_direction=\u00a0\u00bbdefault\u00a0\u00bb column_direction_tablet=\u00a0\u00bbdefault\u00a0\u00bb column_direction_phone=\u00a0\u00bbdefault\u00a0\u00bb scene_position=\u00a0\u00bbcenter\u00a0\u00bb text_color=\u00a0\u00bbdark\u00a0\u00bb text_align=\u00a0\u00bbleft\u00a0\u00bb row_border_radius=\u00a0\u00bbnone\u00a0\u00bb row_border_radius_applies=\u00a0\u00bbbg\u00a0\u00bb overflow=\u00a0\u00bbvisible\u00a0\u00bb overlay_strength=\u00a0\u00bb0.3&Prime; gradient_direction=\u00a0\u00bbleft_to_right\u00a0\u00bb shape_divider_position=\u00a0\u00bbbottom\u00a0\u00bb bg_image_animation=\u00a0\u00bbnone\u00a0\u00bb][vc_column column_padding=\u00a0\u00bbno-extra-padding\u00a0\u00bb column_padding_tablet=\u00a0\u00bbinherit\u00a0\u00bb column_padding_phone=\u00a0\u00bbinherit\u00a0\u00bb column_padding_position=\u00a0\u00bball\u00a0\u00bb column_element_spacing=\u00a0\u00bbdefault\u00a0\u00bb background_color_opacity=\u00a0\u00bb1&Prime; background_hover_color_opacity=\u00a0\u00bb1&Prime; column_shadow=\u00a0\u00bbnone\u00a0\u00bb column_border_radius=\u00a0\u00bbnone\u00a0\u00bb column_link_target=\u00a0\u00bb_self\u00a0\u00bb column_position=\u00a0\u00bbdefault\u00a0\u00bb gradient_direction=\u00a0\u00bbleft_to_right\u00a0\u00bb overlay_strength=\u00a0\u00bb0.3&Prime;...","og_url":"https:\/\/www.adlerschwarzwald.de\/fr\/conditions-generales-de-vente\/","og_site_name":"Adler Schwarzwald","article_modified_time":"2023-04-19T07:19:58+00:00","twitter_card":"summary_large_image","twitter_misc":{"Dur\u00e9e de lecture estim\u00e9e":"9 minutes"},"schema":{"@context":"https:\/\/schema.org","@graph":[{"@type":"WebPage","@id":"https:\/\/www.adlerschwarzwald.de\/fr\/conditions-generales-de-vente\/","url":"https:\/\/www.adlerschwarzwald.de\/fr\/conditions-generales-de-vente\/","name":"Conditions g\u00e9n\u00e9rales de vente - Adler Schwarzwald","isPartOf":{"@id":"https:\/\/www.adlerschwarzwald.de\/fr\/#website"},"datePublished":"2022-03-14T15:10:58+00:00","dateModified":"2023-04-19T07:19:58+00:00","breadcrumb":{"@id":"https:\/\/www.adlerschwarzwald.de\/fr\/conditions-generales-de-vente\/#breadcrumb"},"inLanguage":"fr-FR","potentialAction":[{"@type":"ReadAction","target":["https:\/\/www.adlerschwarzwald.de\/fr\/conditions-generales-de-vente\/"]}]},{"@type":"BreadcrumbList","@id":"https:\/\/www.adlerschwarzwald.de\/fr\/conditions-generales-de-vente\/#breadcrumb","itemListElement":[{"@type":"ListItem","position":1,"name":"Startseite","item":"https:\/\/www.adlerschwarzwald.de\/fr\/"},{"@type":"ListItem","position":2,"name":"Conditions g\u00e9n\u00e9rales de vente"}]},{"@type":"WebSite","@id":"https:\/\/www.adlerschwarzwald.de\/fr\/#website","url":"https:\/\/www.adlerschwarzwald.de\/fr\/","name":"Adler Schwarzwald","description":"Original Wurst- und Schinkenspezialit\u00e4ten","potentialAction":[{"@type":"SearchAction","target":{"@type":"EntryPoint","urlTemplate":"https:\/\/www.adlerschwarzwald.de\/fr\/?s={search_term_string}"},"query-input":{"@type":"PropertyValueSpecification","valueRequired":true,"valueName":"search_term_string"}}],"inLanguage":"fr-FR"}]}},"_links":{"self":[{"href":"https:\/\/www.adlerschwarzwald.de\/fr\/wp-json\/wp\/v2\/pages\/3071","targetHints":{"allow":["GET"]}}],"collection":[{"href":"https:\/\/www.adlerschwarzwald.de\/fr\/wp-json\/wp\/v2\/pages"}],"about":[{"href":"https:\/\/www.adlerschwarzwald.de\/fr\/wp-json\/wp\/v2\/types\/page"}],"author":[{"embeddable":true,"href":"https:\/\/www.adlerschwarzwald.de\/fr\/wp-json\/wp\/v2\/users\/1"}],"replies":[{"embeddable":true,"href":"https:\/\/www.adlerschwarzwald.de\/fr\/wp-json\/wp\/v2\/comments?post=3071"}],"version-history":[{"count":5,"href":"https:\/\/www.adlerschwarzwald.de\/fr\/wp-json\/wp\/v2\/pages\/3071\/revisions"}],"predecessor-version":[{"id":3076,"href":"https:\/\/www.adlerschwarzwald.de\/fr\/wp-json\/wp\/v2\/pages\/3071\/revisions\/3076"}],"wp:attachment":[{"href":"https:\/\/www.adlerschwarzwald.de\/fr\/wp-json\/wp\/v2\/media?parent=3071"}],"curies":[{"name":"wp","href":"https:\/\/api.w.org\/{rel}","templated":true}]}}